{"id":10,"date":"2021-07-01T10:25:11","date_gmt":"2021-07-01T10:25:11","guid":{"rendered":"https:\/\/liveturku.fi\/?page_id=10"},"modified":"2026-04-27T05:48:00","modified_gmt":"2026-04-27T03:48:00","slug":"live","status":"publish","type":"page","link":"https:\/\/liveturku.fi\/","title":{"rendered":"Live"},"content":{"rendered":"\n<p class=\"has-medium-font-size\"><strong>Viikko \/ Vecka \/ Week 18<\/strong><\/p>\n\n\n\n<p><strong>Maanantai \/ M\u00e5ndag \/ Monday 27.4.2026<\/strong><\/p>\n\n\n\n<ul class=\"wp-block-list\">\n<li>Rica Bar: Mathias Sandberg Trio. Show 19.00, jonka j\u00e4lkeen jazzjamit \/ jazz open stage, vapaa p\u00e4\u00e4sy, K-18<\/li>\n<\/ul>\n\n\n\n<p><strong>Keskiviikko \/ Onsdag \/ Wednesday 29.4.2026<\/strong><\/p>\n\n\n\n<ul class=\"wp-block-list\">\n<li>Kasvisravintola Keidas: Tim Holehouse, Sean&amp;Mereau. Show 20.00, liput ei tiedossa, ik\u00e4raja ei tiedossa<\/li>\n\n\n\n<li>Sibeliusmuseo: Viuluakatemia &amp; Raija Lehmussaren Balettikoulu. Show 19.00, liput alk. 20\/15 \u20ac (lippu.fi), ik\u00e4rajaton<\/li>\n\n\n\n<li>Turun suomenkielinen ty\u00f6v\u00e4enopisto: Turku Folks! Show 19.00, vapaa p\u00e4\u00e4sy, ik\u00e4rajaton<\/li>\n\n\n\n<li>Sigyn-sali: Aura Sinfonia. Show 19.00, liput ei tiedossa, ik\u00e4rajaton<\/li>\n\n\n\n<li>Linnateatteri: Paleface ja Laulava Unioni. Show 18.30, liput alk. 28 \u20ac (ticket.linnateatteri.fi), K-18<\/li>\n<\/ul>\n\n\n\n<p><strong>Torstai \/ Torsdag \/ Thursday 30.4.2026<\/strong><\/p>\n\n\n\n<ul class=\"wp-block-list\">\n<li>Levykauppa \u00c4x: Olavi Uusivirta. Show 17.00, vapaa p\u00e4\u00e4sy, ik\u00e4rajaton<br>Konserttitalon ala-aula: Juha-Pekka Vikmanin jousikvintetti, Kaisa Kraft, Nicholas S\u00f6derlund, Reino Kotaviita, Ars Musican mieskvartetti. Show 15.30, liput alk. 35 \u20ac (arsmusica.fi, sis. pient\u00e4 purtavaa ja kuohuvaa), ik\u00e4rajaton<\/li>\n\n\n\n<li>Nirvana: Corpressed, Necropsy, Cadaveric Incubator, Galvanizer. Show ei tiedossa, liput alk. 15 \u20ac (cluby.com), K-18<\/li>\n\n\n\n<li>Fuusio, keskikerros: E. Meli, Blama, MENO, F100G. Show ei tiedossa, liput alk. 6,5 \u20ac (cluby.com), K-18<\/li>\n\n\n\n<li>Ihku: Ly\u00f6m\u00e4tt\u00f6m\u00e4t. Show 24.00, liput alk. 10 \u20ac (ticketmaster.fi), K-20<\/li>\n\n\n\n<li>John Scott\u2019s: Martti Saarinen duo. Show 23.00, vapaa p\u00e4\u00e4sy, K-18<\/li>\n\n\n\n<li>Dublin: Mika Peltonen. Show 22.00, vapaa p\u00e4\u00e4sy, K-18<\/li>\n\n\n\n<li>Ravintola Basso: Juhani Mistola. Show ei tiedossa, liput ei tiedossa, K-18<\/li>\n\n\n\n<li>Runostuoppi: Jailbreak. Show 24.00, vapaa p\u00e4\u00e4sy, K-18<\/li>\n\n\n\n<li>Bar Koivu: CoverAttack &amp; Taage Laiho. Show ei tiedossa, liput ei tiedossa, K-18<\/li>\n\n\n\n<li>Logomo, Teatro-sali: Olavi Uusivirta. Show 21.00, liput alk. 38,50 \u20ac (logomo.livex.fi), K-18<\/li>\n<\/ul>\n\n\n\n<p><strong>Perjantai \/ Fredag \/ Friday 1.5.2026<\/strong><\/p>\n\n\n\n<ul class=\"wp-block-list\">\n<li>Kauppatori: Flame Jazz All Stars. Show 16.30 ja 17.15., vapaa p\u00e4\u00e4sy, ik\u00e4rajaton<\/li>\n\n\n\n<li>Uittamon Paviljonki: Eeli Hallikainen. Show 16.00, vapaa p\u00e4\u00e4sy, ik\u00e4raja ei tiedossa<\/li>\n\n\n\n<li>Nirvana: Steve Vincent, Dharma Guns, DeadCityMonkeys. Show ei tiedossa, liput alk. 10 \u20ac (cluby.com), K-18<\/li>\n\n\n\n<li>Dublin: Annika Nord. Show 22.00, vapaa p\u00e4\u00e4sy, K-18<\/li>\n\n\n\n<li>Logomo, Teatro-sali: Olavi Uusivirta. Show 21.00, liput alk. 38,50 \u20ac (logomo.livex.fi), K-18<\/li>\n<\/ul>\n\n\n\n<p><strong>Lauantai \/ L\u00f6rdag \/ Saturday 2.5.2026<\/strong><\/p>\n\n\n\n<ul class=\"wp-block-list\">\n<li>Kauppatori: Micats. Show 17.00, vapaa p\u00e4\u00e4sy, ik\u00e4rajaton<\/li>\n\n\n\n<li>Fuusio, yl\u00e4kerta: Connection Interrupted, T\u00e4htimoottori. Show 22.30, liput alk. 10 \u20ac (cluby.com), K-18<\/li>\n\n\n\n<li>Nirvana: Ode Of Disgrace, Bloodstained Halo, Thy Throne. Show 21.30, liput 7 \u20ac, K-18<\/li>\n\n\n\n<li>Sk\u00e4rg\u00e5rdsbaren: Archipelago Big Band feat. Sofia Finnil\u00e4. Show 18.00, liput 10 \u20ac, K-18<\/li>\n\n\n\n<li>Dublin: Annika Nord. Show 22.00, vapaa p\u00e4\u00e4sy, K-18<\/li>\n\n\n\n<li>John Scott\u2019s: The Gerlanders duo. Show 23.00, vapaa p\u00e4\u00e4sy, K-18<\/li>\n\n\n\n<li>Bar Piilo: Juhani Suominen. Show 21.30, vapaa p\u00e4\u00e4sy, K-18<\/li>\n<\/ul>\n\n\n\n<p><strong>Sunnuntai \/ S\u00f6ndag \/ Sunday 3.5.2026<\/strong><\/p>\n\n\n\n<ul class=\"wp-block-list\">\n<li>Kuka: Avolava \/ Open Stage. Show 21.00, vapaa p\u00e4\u00e4sy, K-18<\/li>\n<\/ul>\n\n\n\n<p class=\"has-medium-font-size\"><\/p>\n\n\n\n<hr class=\"wp-block-separator has-alpha-channel-opacity is-style-dots\"\/>\n\n\n\n<p>Emme vastaa tietojen oikeellisuudesta. Ajantasaiset tiedot l\u00f6yd\u00e4t tapahtumanj\u00e4rjest\u00e4j\u00e4n omilta sivuilta. <\/p>\n\n\n\n<p>Vi ansvarar inte f\u00f6r eventuella sakfel i texten. Bes\u00f6k arrang\u00f6rernas hemsidor f\u00f6r aktuell information.<\/p>\n\n\n\n<p>We are not responsible for the accuracy of the information. You can find up-to-date information on the event organizer&#8217;s own website.<\/p>\n\n\n\n<hr class=\"wp-block-separator has-alpha-channel-opacity is-style-dots\"\/>\n\n\n<form  class=\"kaliforms-form-container bootstrap-wrapper  \" data-form-id=\"709\" style=\"opacity:0\"><h3>Ilmoita keikasta!<\/h3><div id=\"kaliforms-global-error-message-709\" class=\"global-error-message\"><\/div><div class=\"row kali-form-field-row\"><div class=\"col-12 col-md-12 \"><label  for=\"date9\">P\u00e4iv\u00e4m\u00e4\u00e4r\u00e4 \/ Datum \/ Date <span class=\"kali-required-mark\">*<\/span><\/label><input data-internal-id=\"date9\" type=\"date\" id=\"date9\" name=\"date\"required  class=\"input\"><\/div><\/div><div class=\"row kali-form-field-row\"><div class=\"col-12 col-md-12 \"><textarea  data-internal-id=\"textarea13\" type=\"textarea\" id=\"textarea13\" name=\"mita\" placeholder=\"Mit\u00e4 \/ Vad \/ What\"required  rows=\"1\" class=\"input\"><\/textarea><\/div><\/div><div class=\"row kali-form-field-row\"><div class=\"col-12 col-md-12 \"><textarea  data-internal-id=\"textarea5\" type=\"textarea\" id=\"message\" name=\"paikka\" placeholder=\"Miss\u00e4 \/ Var \/ Where\"required  rows=\"1\" class=\"input\"><\/textarea><\/div><\/div><div class=\"row kali-form-field-row\"><div class=\"col-12 col-md-12 \"><textarea  data-internal-id=\"textarea10\" type=\"textarea\" id=\"textarea10\" name=\"liput\" placeholder=\"Liput \/ Biljetter \/ Tickets\"required  rows=\"1\" class=\"input\"><\/textarea><\/div><\/div><div class=\"row kali-form-field-row\"><div class=\"col-12 col-md-12 \"><textarea  data-internal-id=\"textarea12\" type=\"textarea\" id=\"textarea12\" name=\"ikaraja\" placeholder=\"Ik\u00e4raja \/ \u00c5ldersgr\u00e4ns \/ Age limit\"required  rows=\"1\" class=\"input\"><\/textarea><\/div><\/div><div class=\"row kali-form-field-row\"><div class=\"col-12 col-md-12 \"><textarea  data-internal-id=\"textarea11\" type=\"textarea\" id=\"textarea11\" name=\"kello\" placeholder=\"Showtime\"required  rows=\"1\" class=\"input\"><\/textarea><\/div><\/div><div class=\"row kali-form-field-row\"><div class=\"col-12 col-md-12 \"><textarea  data-internal-id=\"textarea14\" type=\"textarea\" id=\"textarea14\" name=\"muuta\" placeholder=\"Olik jottai muuta vi\u00e4? \/ N\u00e5t annat? \/ Anything else u wanna tell us?\" rows=\"1\" class=\"input\"><\/textarea><\/div><\/div><div class=\"row kali-form-field-row\"><div class=\"col-12 col-md-12 \"><input  data-internal-id=\"submitbutton6\" type=\"submit\" id=\"submit\" data-style=\"default\"  class=\"input\" value=\"L\u00e4het\u00e4 \/ Skicka \/ Send\" ><\/div><\/div><!-- This form was built using Kali Forms --><\/form>\n\n\n\n<p>Email: liveturku@gmail.com<\/p>\n\n\n\n<p><\/p>\n\n\n\n<p><\/p>\n\n\n\n<p><\/p>\n","protected":false},"excerpt":{"rendered":"<p>Viikko \/ Vecka \/ Week 18 Maanantai \/ M\u00e5ndag \/ Monday 27.4.2026 Keskiviikko \/ Onsdag \/ Wednesday 29.4.2026 Torstai \/ Torsdag \/ Thursday 30.4.2026 Perjantai \/ Fredag \/ Friday 1.5.2026 Lauantai \/ L\u00f6rdag \/ Saturday 2.5.2026 Sunnuntai \/ S\u00f6ndag \/ Sunday 3.5.2026 Emme vastaa tietojen oikeellisuudesta. Ajantasaiset tiedot l\u00f6yd\u00e4t tapahtumanj\u00e4rjest\u00e4j\u00e4n omilta sivuilta. Vi ansvarar inte [&hellip;]<\/p>\n","protected":false},"author":1,"featured_media":98,"parent":0,"menu_order":0,"comment_status":"closed","ping_status":"closed","template":"","meta":{"footnotes":""},"class_list":["post-10","page","type-page","status-publish","has-post-thumbnail","hentry","entry","has-media"],"_links":{"self":[{"href":"https:\/\/liveturku.fi\/index.php\/wp-json\/wp\/v2\/pages\/10","targetHints":{"allow":["GET"]}}],"collection":[{"href":"https:\/\/liveturku.fi\/index.php\/wp-json\/wp\/v2\/pages"}],"about":[{"href":"https:\/\/liveturku.fi\/index.php\/wp-json\/wp\/v2\/types\/page"}],"author":[{"embeddable":true,"href":"https:\/\/liveturku.fi\/index.php\/wp-json\/wp\/v2\/users\/1"}],"replies":[{"embeddable":true,"href":"https:\/\/liveturku.fi\/index.php\/wp-json\/wp\/v2\/comments?post=10"}],"version-history":[{"count":489,"href":"https:\/\/liveturku.fi\/index.php\/wp-json\/wp\/v2\/pages\/10\/revisions"}],"predecessor-version":[{"id":1337,"href":"https:\/\/liveturku.fi\/index.php\/wp-json\/wp\/v2\/pages\/10\/revisions\/1337"}],"wp:featuredmedia":[{"embeddable":true,"href":"https:\/\/liveturku.fi\/index.php\/wp-json\/wp\/v2\/media\/98"}],"wp:attachment":[{"href":"https:\/\/liveturku.fi\/index.php\/wp-json\/wp\/v2\/media?parent=10"}],"curies":[{"name":"wp","href":"https:\/\/api.w.org\/{rel}","templated":true}]}}