{"id":13,"date":"2021-07-01T10:33:49","date_gmt":"2021-07-01T10:33:49","guid":{"rendered":"https:\/\/liveturku.fi\/?page_id=13"},"modified":"2024-01-21T22:21:42","modified_gmt":"2024-01-21T20:21:42","slug":"me-about-om-oss-us","status":"publish","type":"page","link":"https:\/\/liveturku.fi\/index.php\/me-about-om-oss-us\/","title":{"rendered":"Me \/ Om oss \/ About us"},"content":{"rendered":"\n<p>Moi!<\/p>\n\n\n\n<p>Me ollaan kaksi turkulaista musaentusiastia ja muusikkoa. <br>Aateltiin et t\u00e4mm\u00f6nen sivu tarvitaan, ni sit me tehtiin se.<\/p>\n\n\n\n<p>Kandee lis\u00e4t\u00e4 k\u00e4nnyk\u00e4ss\u00e4 aloitusn\u00e4ytt\u00f6\u00f6n pikakuvake tohon p\u00e4\u00e4sivulle, ni n\u00e4\u00e4t aina seuraavan kahen viikon keikat Suomen henkisess\u00e4 ja alkuper\u00e4isess\u00e4 p\u00e4\u00e4kaupungissa. Yhell\u00e4 painalluksella.<\/p>\n\n\n\n<p>Teemme t\u00e4t\u00e4 harrastuksena. Emme aina v\u00e4ltt\u00e4m\u00e4tt\u00e4 huomaa kaikkia tapahtumia ja keikkoja, mutta voit l\u00e4hett\u00e4\u00e4 meille niist\u00e4 infoa osoitteeseen: liveturku@gmail.com tai etusivun alareunassa olevan lomakkeen kautta.<\/p>\n\n\n\n<p><\/p>\n\n\n\n<hr class=\"wp-block-separator has-alpha-channel-opacity is-style-dots\"\/>\n\n\n\n<p>Hejsan!<\/p>\n\n\n\n<p>Vi \u00e4r tv\u00e5 musikentusiaster och musiker fr\u00e5n \u00c5bo. Vi tyckte att en s\u00e5dan h\u00e4r n\u00e4tsida beh\u00f6vs, s\u00e5 vi gjorde en.<\/p>\n\n\n\n<p>Spara startsidan som genv\u00e4g i din telefon, s\u00e5 ser du med ett klick n\u00e4sta tv\u00e5 veckors livemusikevenemang i \u00c5bo!<\/p>\n\n\n\n<p>Den h\u00e4r sidan \u00e4r v\u00e5r hobby och vi kanske inte alltid l\u00e4gger m\u00e4rke till alla evenemang. Tipsa oss om spelningar p\u00e5 adressen liveturku@gmail.com eller genom kontaktformul\u00e4ret p\u00e5 startsidan.<\/p>\n\n\n\n<p><\/p>\n\n\n\n<hr class=\"wp-block-separator has-alpha-channel-opacity is-style-dots\"\/>\n\n\n\n<p>Hello!<\/p>\n\n\n\n<p>We&#8217;re two music enthusiasts and musicians from Turku. We thought there might be a demand for a page like this (at least we needed one!), so we went ahead and made this.<\/p>\n\n\n\n<p>Please do save the main page as a shortcut on your phone, and our list of live music shows in Turku for the upcoming weeks is just one click away.<\/p>\n\n\n\n<p>We do this as a hobby. We try to include all live music events in Turku but we may miss out on something. Please don&#8217;t hesitate to send us info on upcoming shows to liveturku@gmail.com or via contact form at the bottom of the front page.<\/p>\n\n\n\n<p><\/p>\n\n\n\n<hr class=\"wp-block-separator has-alpha-channel-opacity is-style-dots\"\/>\n","protected":false},"excerpt":{"rendered":"<p>Moi! Me ollaan kaksi turkulaista musaentusiastia ja muusikkoa. Aateltiin et t\u00e4mm\u00f6nen sivu tarvitaan, ni sit me tehtiin se. Kandee lis\u00e4t\u00e4 k\u00e4nnyk\u00e4ss\u00e4 aloitusn\u00e4ytt\u00f6\u00f6n pikakuvake tohon p\u00e4\u00e4sivulle, ni n\u00e4\u00e4t aina seuraavan kahen viikon keikat Suomen henkisess\u00e4 ja alkuper\u00e4isess\u00e4 p\u00e4\u00e4kaupungissa. Yhell\u00e4 painalluksella. Teemme t\u00e4t\u00e4 harrastuksena. Emme aina v\u00e4ltt\u00e4m\u00e4tt\u00e4 huomaa kaikkia tapahtumia ja keikkoja, mutta voit l\u00e4hett\u00e4\u00e4 meille niist\u00e4 [&hellip;]<\/p>\n","protected":false},"author":1,"featured_media":0,"parent":0,"menu_order":0,"comment_status":"closed","ping_status":"closed","template":"","meta":{"footnotes":""},"class_list":["post-13","page","type-page","status-publish","hentry","entry"],"_links":{"self":[{"href":"https:\/\/liveturku.fi\/index.php\/wp-json\/wp\/v2\/pages\/13","targetHints":{"allow":["GET"]}}],"collection":[{"href":"https:\/\/liveturku.fi\/index.php\/wp-json\/wp\/v2\/pages"}],"about":[{"href":"https:\/\/liveturku.fi\/index.php\/wp-json\/wp\/v2\/types\/page"}],"author":[{"embeddable":true,"href":"https:\/\/liveturku.fi\/index.php\/wp-json\/wp\/v2\/users\/1"}],"replies":[{"embeddable":true,"href":"https:\/\/liveturku.fi\/index.php\/wp-json\/wp\/v2\/comments?post=13"}],"version-history":[{"count":7,"href":"https:\/\/liveturku.fi\/index.php\/wp-json\/wp\/v2\/pages\/13\/revisions"}],"predecessor-version":[{"id":931,"href":"https:\/\/liveturku.fi\/index.php\/wp-json\/wp\/v2\/pages\/13\/revisions\/931"}],"wp:attachment":[{"href":"https:\/\/liveturku.fi\/index.php\/wp-json\/wp\/v2\/media?parent=13"}],"curies":[{"name":"wp","href":"https:\/\/api.w.org\/{rel}","templated":true}]}}